{"id":9851,"date":"2024-03-17T12:09:48","date_gmt":"2024-03-17T11:09:48","guid":{"rendered":"http:\/\/wp.kinderarztpraxis-lechhausen.de\/?page_id=9851"},"modified":"2024-09-19T10:38:41","modified_gmt":"2024-09-19T08:38:41","slug":"impressum","status":"publish","type":"page","link":"https:\/\/www.kinderarztpraxis-lechhausen.de\/?page_id=9851","title":{"rendered":"Impressum"},"content":{"rendered":"<div class=\"et_d4_element et_pb_section et_pb_section_0  et_pb_css_mix_blend_mode et_section_regular et_block_section\" >\n\t\t\t\t\n\t\t\t\t\n\t\t\t\t\n\t\t\t\t\n\t\t\t\t\n\t\t\t\t\n\t\t\t\t<div class=\"et_d4_element et_pb_row et_pb_row_0  et_pb_css_mix_blend_mode et_block_row\">\n\t\t\t\t<div class=\"et_d4_element et_pb_column_4_4 et_pb_column et_pb_column_0  et_pb_css_mix_blend_mode et-last-child et_block_column\">\n\t\t\t\t\n\t\t\t\t\n\t\t\t\t\n\t\t\t\t\n\t\t\t\t<div class=\"et_pb_module et_d4_element et_pb_text et_pb_text_0  et_pb_text_align_left et_pb_bg_layout_light\">\n\t\t\t\t\n\t\t\t\t\n\t\t\t\t\n\t\t\t\t\n\t\t\t\t<div class=\"et_pb_text_inner\"><p><div style=\"word-wrap: break-word;\"><h1>Impressum<\/h1>\n\n<p>Stephan Henneberger<br \/>\nKinderarztpraxis<br \/>\nNeuburger Stra&szlig;e 40<br \/>\n86167 Augsburg<\/p>\n\n<h2>Kontakt<\/h2>\n<p>Telefon: 0821-719081<br \/>\nTelefax: 0821-7298386<br \/>\nE-Mail: info@kinderarztpraxis-lechhausen.de<\/p>\n\n<h2>Aufsichtsbeh&ouml;rde<\/h2>\n<p>Bayrischen Landes&auml;rztekammer<br \/>\nBaye&shy;ri&shy;sche Landes&shy;&auml;rz&shy;te&shy;kam&shy;mer (BL&Auml;K)<br \/>\r\nK&ouml;rper&shy;schaft des &ouml;ffent&shy;li&shy;chen Rechts<br \/>\r\nM&uuml;hl&shy;baur&shy;stra&szlig;e 16<br \/>\r\n81677 M&uuml;nchen<\/p>\n<p><a href=\"https:\/\/www.blaek.de\/\" target=\"_blank\" rel=\"noopener noreferrer\">https:\/\/www.blaek.de\/<\/a><\/p>\n\n<h2>Berufsbezeichnung und berufsrechtliche Regelungen<\/h2>\n<p>Berufsbezeichnung:<br \/>\nKinderarzt<\/p>\n<p>Zust&auml;ndige Kammer:<br \/>\nBundesdeutschen (Landes-)&Auml;rztekammern<\/p>\n<p>Verliehen in:<br \/>\nDeutschland<\/p>\n<p>Es gelten folgende berufsrechtliche Regelungen:<\/p>\n<p>Bundesdeutschen (Landes-)&Auml;rztekammern<br \/>\n einsehbar unter: <a href=\"https:\/\/www.kbv.de\/html\/index.php\" target=\"_blank\" rel=\"noopener noreferrer\">https:\/\/www.kbv.de\/html\/index.php<\/a><\/p>\n<h2>Redaktionell verantwortlich<\/h2>\n<p>Herr Dr. Stephan Henneberger, Frau Dr. Tanja Hemmers<\/p>\n\n<h2>Verbraucher&shy;streit&shy;beilegung\/Universal&shy;schlichtungs&shy;stelle<\/h2>\n<p>Wir sind nicht bereit oder verpflichtet, an Streitbeilegungsverfahren vor einer Verbraucherschlichtungsstelle teilzunehmen.<\/p><\/div><\/p><\/div>\n\t\t\t<\/div>\n\t\t\t<\/div>\n\t\t\t\t\n\t\t\t\t\n\t\t\t\t\n\t\t\t\t\n\t\t\t<\/div><div class=\"et_d4_element et_pb_row et_pb_row_1  et_pb_css_mix_blend_mode et_block_row\">\n\t\t\t\t<div class=\"et_d4_element et_pb_column_4_4 et_pb_column et_pb_column_1  et_pb_css_mix_blend_mode et-last-child et_block_column\">\n\t\t\t\t\n\t\t\t\t\n\t\t\t\t\n\t\t\t\t\n\t\t\t\t<div class=\"et_pb_module et_d4_element et_pb_divider et_pb_divider_0 et_pb_space\"><div class=\"et_pb_divider_internal\"><\/div><\/div>\n\t\t\t<\/div>\n\t\t\t\t\n\t\t\t\t\n\t\t\t\t\n\t\t\t\t\n\t\t\t<\/div><div class=\"et_d4_element et_pb_row et_pb_row_2  et_pb_css_mix_blend_mode et_block_row\">\n\t\t\t\t<div class=\"et_d4_element et_pb_column_4_4 et_pb_column et_pb_column_2  et_pb_css_mix_blend_mode et-last-child et_block_column\">\n\t\t\t\t\n\t\t\t\t\n\t\t\t\t\n\t\t\t\t\n\t\t\t\t<div class=\"et_pb_module et_d4_element et_pb_text et_pb_text_1  et_pb_text_align_left et_pb_bg_layout_light\">\n\t\t\t\t\n\t\t\t\t\n\t\t\t\t\n\t\t\t\t\n\t\t\t\t<div class=\"et_pb_text_inner\"><p><!-- divi:paragraph --><strong>Homepagegestaltung<br \/><\/strong> Sandra Braeucker (Layout), Stephan Bei\u00dfner (Umsetzung) <a href=\"http:\/\/rendering\/74946#\">www.stephanbeissner.de<\/a><\/p>\n<p><strong>Fotos<br \/><\/strong>Stefan Mayr, Landsberg<\/p>\n<p><strong>Logo-\u00a0und Praxisdesign<br \/><\/strong>Armin Klaiber, <a href=\"http:\/\/rendering\/74946#\">info@arminklaiber.de<\/a><\/p>\n<p><strong>Wartezimmergestaltung<br \/><\/strong>Konrad Geldhauser, <a href=\"http:\/\/rendering\/74946#\">www.kunst-und-skulpturen.de<\/a><\/p>\n<p><strong>Praxiseinrichtung &amp; Planung<br \/><\/strong>die Einrichter, Achim Freisleben,\u00a0<a href=\"http:\/\/rendering\/74946#\">www.shop.dieeinrichter.de<\/a><\/p>\n<p>Es liegt zu allen Fotografien das schriftliche Einverst\u00e4ndnis der abgebildeten Personen der Praxisleitung vor.<\/p>\n<p><strong style=\"font-size: 16px;\">Haftungsausschlu\u00df<\/strong><\/p>\n<p><strong>Haftung f\u00fcr Inhalte<br \/><\/strong>Die Inhalte unserer Seiten wurden mit gr\u00f6\u00dfter Sorgfalt erstellt. F\u00fcr die Richtigkeit, Vollst\u00e4ndigkeit und Aktualit\u00e4t der Inhalte k\u00f6nnen wir jedoch keine Gew\u00e4hr \u00fcbernehmen. Als Diensteanbieter sind wir gem\u00e4\u00df \u00a7 7 Abs.1 TMG f\u00fcr eigene Inhalte auf diesen Seiten nach den allgemeinen Gesetzen verantwortlich. Nach \u00a7\u00a7 8 bis 10 TMG sind wir jedoch nicht verpflichtet, \u00fcbermittelte oder gespeicherte fremde Informationen zu \u00fcberwachen oder nach Umst\u00e4nden zu forschen, die auf eine rechtswidrige T\u00e4tigkeit hinweisen. Verpflichtungen zur Entfernung oder Sperrung der Nutzung von Informationen nach den allgemeinen Gesetzen bleiben hiervon unber\u00fchrt. Eine diesbez\u00fcgliche Haftung ist jedoch erst ab dem Zeitpunkt der Kenntnis einer konkreten Rechtsverletzung m\u00f6glich. Bei Bekanntwerden von entsprechenden Rechtsverletzungen werden wir diese Inhalte umgehend entfernen.<\/p>\n<p><strong>Haftung f\u00fcr Links<br \/><\/strong>Unser Angebot enth\u00e4lt Links zu externen Webseiten Dritter, auf deren Inhalte wir keinen Einfluss haben. Deshalb k\u00f6nnen wir f\u00fcr diese fremden Inhalte auch keine Gew\u00e4hr \u00fcbernehmen. F\u00fcr die Inhalte der verlinkten Seiten ist stets der jeweilige Anbieter oder Betreiber der Seiten verantwortlich. Die verlinkten Seiten wurden zum Zeitpunkt der Verlinkung auf m\u00f6gliche Rechtsverst\u00f6\u00dfe \u00fcberpr\u00fcft. Rechtswidrige Inhalte waren zum Zeitpunkt der Verlinkung nicht erkennbar. Eine permanente inhaltliche Kontrolle der verlinkten Seiten ist jedoch ohne konkrete Anhaltspunkte einer Rechtsverletzung nicht zumutbar. Bei Bekanntwerden von Rechtsverletzungen werden wir derartige Links umgehend entfernen.<\/p>\n<p><strong>Urheberrecht<br \/><\/strong>Die durch die Seitenbetreiber erstellten Inhalte und Werke auf diesen Seiten unterliegen dem deutschen Urheberrecht. Die Vervielf\u00e4ltigung, Bearbeitung, Verbreitung und jede Art der Verwertung au\u00dferhalb der Grenzen des Urheberrechtes bed\u00fcrfen der schriftlichen Zustimmung des jeweiligen Autors bzw. Erstellers. Downloads und Kopien dieser Seiten sind nur f\u00fcr den privaten, nicht kommerziellen Gebrauch gestattet. Soweit die Inhalte auf diesen Seiten nicht vom Betreiber erstellt wurden, werden die Urheberrechte Dritter beachtet. Insbesondere werden Inhalte Dritter als solche gekennzeichnet. Sollten Sie trotzdem auf eine Urheberrechtsverletzung aufmerksam werden, bitten wir um einen entsprechenden Hinweis. Bei Bekanntwerden von Rechtsverletzungen werden wir derartige Inhalte umgehend entfernen.<!-- \/divi:paragraph --> <!-- \/divi:paragraph --> <!-- divi:paragraph --> <!-- \/divi:paragraph --> <!-- divi:paragraph --> <!-- \/divi:paragraph --> <!-- divi:paragraph --> <!-- \/divi:paragraph --> <!-- divi:paragraph --><\/p><\/div>\n\t\t\t<\/div>\n\t\t\t<\/div>\n\t\t\t\t\n\t\t\t\t\n\t\t\t\t\n\t\t\t\t\n\t\t\t<\/div>\n\t\t\t\t\n\t\t\t\t\n\t\t\t<\/div>\n","protected":false},"excerpt":{"rendered":"","protected":false},"author":1,"featured_media":0,"parent":0,"menu_order":12,"comment_status":"closed","ping_status":"closed","template":"","meta":{"_et_pb_use_builder":"on","_et_pb_old_content":"<!-- wp:paragraph -->\n<p>Herr Dr. Stephan Henneberger<br>Facharzt f\u00fcr Kinderheilkunde und Jugendmedizin \/ Neonatologe\/Deutschland<\/p>\n<!-- \/wp:paragraph -->\n\n<!-- wp:paragraph -->\n<p>Frau Dr. Tanja Hemmers<br>Fach\u00e4rztin f\u00fcr Kinderheilkunde und Jugendmedizin \/ Deutschland<\/p>\n<!-- \/wp:paragraph -->\n\n<!-- wp:paragraph -->\n<p>Neuburger Stra\u00dfe 40 86167 - Augsburg<\/p>\n<!-- \/wp:paragraph -->\n\n<!-- wp:paragraph -->\n<p>Telefon: 0821-719081<br>Telefax: 0821-7298386<br>E-Mail: info@kinderarztpraxis-lechhausen.de<\/p>\n<!-- \/wp:paragraph -->\n\n<!-- wp:paragraph -->\n<p><strong>\u00c4rztekammer: Bayern<\/strong><\/p>\n<!-- \/wp:paragraph -->\n\n<!-- wp:paragraph -->\n<p>Die nachstehenden Verlinkungen f\u00fchren Sie zu der Webseite der angegebenen (Landes-)\u00c4rztekammer und Kassen\u00e4rztlichen Vereinigung (KV). Auf der Webseite der (Landes-)\u00c4rztekammer finden Sie auch die geltenden berufsrechtlichen Regelungen.<\/p>\n<!-- \/wp:paragraph -->\n\n<!-- wp:paragraph -->\n<p>Bundesdeutschen (Landes-)\u00c4rztekammern<\/p>\n<!-- \/wp:paragraph -->\n\n<!-- wp:paragraph -->\n<p><a href=\"http:\/\/rendering\/95053#\">Kassen\u00e4rztlichen Vereinigungen (KV)<\/a><\/p>\n<!-- \/wp:paragraph -->\n\n<!-- wp:paragraph -->\n<p><strong>Homepagegestaltung<\/strong><\/p>\n<!-- \/wp:paragraph -->\n\n<!-- wp:paragraph -->\n<p>Stephan Bei\u00dfner, M\u00fcnchen<\/p>\n<!-- \/wp:paragraph -->\n\n<!-- wp:paragraph -->\n<p><a href=\"http:\/\/rendering\/74946#\">www.stephanbeissner.de<\/a><\/p>\n<!-- \/wp:paragraph -->\n\n<!-- wp:paragraph -->\n<p><strong>Fotos<\/strong><\/p>\n<!-- \/wp:paragraph -->\n\n<!-- wp:paragraph -->\n<p><\/p>\n<!-- \/wp:paragraph -->\n\n<!-- wp:paragraph -->\n<p><strong>Logo-&nbsp;und Praxisdesign<\/strong><\/p>\n<!-- \/wp:paragraph -->\n\n<!-- wp:paragraph -->\n<p>Armin Klaiber<\/p>\n<!-- \/wp:paragraph -->\n\n<!-- wp:paragraph -->\n<p><a href=\"http:\/\/rendering\/74946#\">info@arminklaiber.de<\/a><\/p>\n<!-- \/wp:paragraph -->\n\n<!-- wp:paragraph -->\n<p><strong>Wartezimmergestaltung<\/strong><\/p>\n<!-- \/wp:paragraph -->\n\n<!-- wp:paragraph -->\n<p>Konrad Geldhauser<\/p>\n<!-- \/wp:paragraph -->\n\n<!-- wp:paragraph -->\n<p><a href=\"http:\/\/rendering\/74946#\">www.kunst-und-skulpturen.de<\/a><\/p>\n<!-- \/wp:paragraph -->\n\n<!-- wp:paragraph -->\n<p><strong>Praxiseinrichtung &amp; Planung<\/strong><\/p>\n<!-- \/wp:paragraph -->\n\n<!-- wp:paragraph -->\n<p>die Einrichter, Achim Freisleben<\/p>\n<!-- \/wp:paragraph -->\n\n<!-- wp:paragraph -->\n<p><a href=\"http:\/\/rendering\/74946#\">www.shop.dieeinrichter.de<\/a><\/p>\n<!-- \/wp:paragraph -->\n\n<!-- wp:paragraph -->\n<p>Es liegt zu allen Fotografien das schriftliche Einverst\u00e4ndnis der abgebildeten Personen der Praxisleitung vor.<\/p>\n<!-- \/wp:paragraph -->\n\n<!-- wp:paragraph -->\n<p><strong>Haftungsausschlu\u00df<\/strong><\/p>\n<!-- \/wp:paragraph -->\n\n<!-- wp:paragraph -->\n<p><strong>Haftung f\u00fcr Inhalte<\/strong><\/p>\n<!-- \/wp:paragraph -->\n\n<!-- wp:paragraph -->\n<p>Die Inhalte unserer Seiten wurden mit gr\u00f6\u00dfter Sorgfalt erstellt. F\u00fcr die Richtigkeit, Vollst\u00e4ndigkeit und Aktualit\u00e4t der Inhalte k\u00f6nnen wir jedoch keine Gew\u00e4hr \u00fcbernehmen. Als Diensteanbieter sind wir gem\u00e4\u00df \u00a7 7 Abs.1 TMG f\u00fcr eigene Inhalte auf diesen Seiten nach den allgemeinen Gesetzen verantwortlich. Nach \u00a7\u00a7 8 bis 10 TMG sind wir jedoch nicht verpflichtet, \u00fcbermittelte oder gespeicherte fremde Informationen zu \u00fcberwachen oder nach Umst\u00e4nden zu forschen, die auf eine rechtswidrige T\u00e4tigkeit hinweisen. Verpflichtungen zur Entfernung oder Sperrung der Nutzung von Informationen nach den allgemeinen Gesetzen bleiben hiervon unber\u00fchrt. Eine diesbez\u00fcgliche Haftung ist jedoch erst ab dem Zeitpunkt der Kenntnis einer konkreten Rechtsverletzung m\u00f6glich. Bei Bekanntwerden von entsprechenden Rechtsverletzungen werden wir diese Inhalte umgehend entfernen.<\/p>\n<!-- \/wp:paragraph -->\n\n<!-- wp:paragraph -->\n<p><strong>Haftung f\u00fcr Links<\/strong><\/p>\n<!-- \/wp:paragraph -->\n\n<!-- wp:paragraph -->\n<p>Unser Angebot enth\u00e4lt Links zu externen Webseiten Dritter, auf deren Inhalte wir keinen Einfluss haben. Deshalb k\u00f6nnen wir f\u00fcr diese fremden Inhalte auch keine Gew\u00e4hr \u00fcbernehmen. F\u00fcr die Inhalte der verlinkten Seiten ist stets der jeweilige Anbieter oder Betreiber der Seiten verantwortlich. Die verlinkten Seiten wurden zum Zeitpunkt der Verlinkung auf m\u00f6gliche Rechtsverst\u00f6\u00dfe \u00fcberpr\u00fcft. Rechtswidrige Inhalte waren zum Zeitpunkt der Verlinkung nicht erkennbar. Eine permanente inhaltliche Kontrolle der verlinkten Seiten ist jedoch ohne konkrete Anhaltspunkte einer Rechtsverletzung nicht zumutbar. Bei Bekanntwerden von Rechtsverletzungen werden wir derartige Links umgehend entfernen.<\/p>\n<!-- \/wp:paragraph -->\n\n<!-- wp:paragraph -->\n<p><strong>Urheberrecht<\/strong><\/p>\n<!-- \/wp:paragraph -->\n\n<!-- wp:paragraph -->\n<p>Die durch die Seitenbetreiber erstellten Inhalte und Werke auf diesen Seiten unterliegen dem deutschen Urheberrecht. Die Vervielf\u00e4ltigung, Bearbeitung, Verbreitung und jede Art der Verwertung au\u00dferhalb der Grenzen des Urheberrechtes bed\u00fcrfen der schriftlichen Zustimmung des jeweiligen Autors bzw. Erstellers. Downloads und Kopien dieser Seiten sind nur f\u00fcr den privaten, nicht kommerziellen Gebrauch gestattet. Soweit die Inhalte auf diesen Seiten nicht vom Betreiber erstellt wurden, werden die Urheberrechte Dritter beachtet. Insbesondere werden Inhalte Dritter als solche gekennzeichnet. Sollten Sie trotzdem auf eine Urheberrechtsverletzung aufmerksam werden, bitten wir um einen entsprechenden Hinweis. Bei Bekanntwerden von Rechtsverletzungen werden wir derartige Inhalte umgehend entfernen.<\/p>\n<!-- \/wp:paragraph -->","_et_gb_content_width":"","footnotes":""},"class_list":["post-9851","page","type-page","status-publish","hentry"],"_links":{"self":[{"href":"https:\/\/www.kinderarztpraxis-lechhausen.de\/index.php?rest_route=\/wp\/v2\/pages\/9851","targetHints":{"allow":["GET"]}}],"collection":[{"href":"https:\/\/www.kinderarztpraxis-lechhausen.de\/index.php?rest_route=\/wp\/v2\/pages"}],"about":[{"href":"https:\/\/www.kinderarztpraxis-lechhausen.de\/index.php?rest_route=\/wp\/v2\/types\/page"}],"author":[{"embeddable":true,"href":"https:\/\/www.kinderarztpraxis-lechhausen.de\/index.php?rest_route=\/wp\/v2\/users\/1"}],"replies":[{"embeddable":true,"href":"https:\/\/www.kinderarztpraxis-lechhausen.de\/index.php?rest_route=%2Fwp%2Fv2%2Fcomments&post=9851"}],"version-history":[{"count":14,"href":"https:\/\/www.kinderarztpraxis-lechhausen.de\/index.php?rest_route=\/wp\/v2\/pages\/9851\/revisions"}],"predecessor-version":[{"id":10782,"href":"https:\/\/www.kinderarztpraxis-lechhausen.de\/index.php?rest_route=\/wp\/v2\/pages\/9851\/revisions\/10782"}],"wp:attachment":[{"href":"https:\/\/www.kinderarztpraxis-lechhausen.de\/index.php?rest_route=%2Fwp%2Fv2%2Fmedia&parent=9851"}],"curies":[{"name":"wp","href":"https:\/\/api.w.org\/{rel}","templated":true}]}}