{"id":9308,"date":"2024-01-16T11:16:42","date_gmt":"2024-01-16T10:16:42","guid":{"rendered":"http:\/\/wp.kinderarztpraxis-lechhausen.de\/?page_id=9308"},"modified":"2024-02-29T19:52:48","modified_gmt":"2024-02-29T18:52:48","slug":"team-praxis","status":"publish","type":"page","link":"https:\/\/www.kinderarztpraxis-lechhausen.de\/?page_id=9308","title":{"rendered":"\u00dcber uns"},"content":{"rendered":"\n[et_pb_section fb_built=&#8220;1&#8243; _builder_version=&#8220;4.23.4&#8243; background_image=&#8220;https:\/\/www.kinderarztpraxis-lechhausen.de\/wp-content\/uploads\/2024\/01\/R5_3500.jpg&#8220; custom_padding=&#8220;90px|0px|75px|0px|false|false&#8220; box_shadow_style=&#8220;preset1&#8243; box_shadow_vertical=&#8220;-6px&#8220; box_shadow_color=&#8220;rgba(0,0,0,0.15)&#8220; box_shadow_position=&#8220;inner&#8220; global_colors_info=&#8220;{}&#8220;][\/et_pb_section][et_pb_section fb_built=&#8220;1&#8243; _builder_version=&#8220;4.16&#8243; background_color=&#8220;#f5f5f5&#8243; global_colors_info=&#8220;{}&#8220;][et_pb_row _builder_version=&#8220;4.16&#8243; global_colors_info=&#8220;{}&#8220;][et_pb_column type=&#8220;4_4&#8243; _builder_version=&#8220;4.16&#8243; custom_padding=&#8220;|||&#8220; global_colors_info=&#8220;{}&#8220; custom_padding__hover=&#8220;|||&#8220;][et_pb_text _builder_version=&#8220;4.23.4&#8243; text_font=&#8220;|||on|||||&#8220; text_font_size=&#8220;18px&#8220; text_orientation=&#8220;center&#8220; custom_margin=&#8220;||5px&#8220; animation_style=&#8220;slide&#8220; animation_direction=&#8220;right&#8220; animation_duration=&#8220;2000ms&#8220; animation_intensity_slide=&#8220;8%&#8220; hover_enabled=&#8220;0&#8243; global_colors_info=&#8220;{}&#8220; sticky_enabled=&#8220;0&#8243;]<p>Unser Praxis Team<\/p>[\/et_pb_text][et_pb_text _builder_version=&#8220;4.23.4&#8243; header_font=&#8220;||||||||&#8220; header_2_font=&#8220;|800|||||||&#8220; header_2_text_align=&#8220;center&#8220; header_2_font_size=&#8220;48px&#8220; custom_margin=&#8220;||35px&#8220; animation_style=&#8220;slide&#8220; animation_direction=&#8220;left&#8220; animation_duration=&#8220;2000ms&#8220; animation_intensity_slide=&#8220;8%&#8220; hover_enabled=&#8220;0&#8243; header_2_font_size_tablet=&#8220;&#8220; header_2_font_size_phone=&#8220;40px&#8220; header_2_font_size_last_edited=&#8220;on|phone&#8220; global_colors_info=&#8220;{}&#8220; text_text_color=&#8220;#B62522&#8243; text_font_size=&#8220;25px&#8220; sticky_enabled=&#8220;0&#8243;]<p style=\"text-align: center;\"><strong><span style=\"color: #b62522;\">Wer wir sind!<\/span><\/strong><\/p>[\/et_pb_text][et_pb_divider divider_weight=&#8220;7px&#8220; _builder_version=&#8220;4.16&#8243; max_width=&#8220;16%&#8220; module_alignment=&#8220;center&#8220; animation_direction=&#8220;right&#8220; global_colors_info=&#8220;{}&#8220;][\/et_pb_divider][et_pb_text _builder_version=&#8220;4.16&#8243; text_font=&#8220;||||||||&#8220; text_font_size=&#8220;18px&#8220; text_line_height=&#8220;1.5em&#8220; text_orientation=&#8220;center&#8220; max_width=&#8220;65%&#8220; max_width_tablet=&#8220;&#8220; max_width_phone=&#8220;&#8220; max_width_last_edited=&#8220;on|desktop&#8220; module_alignment=&#8220;center&#8220; global_colors_info=&#8220;{}&#8220;]<p><span>Lorem ipsum dolor sit amet, consectetur adipiscing elit. Sed accumsan sem lectus, ut aliquet risus dictum eget. Curabitur laoreet, risus id faucibus porttitor.<\/span><\/p>[\/et_pb_text][\/et_pb_column][\/et_pb_row][et_pb_row column_structure=&#8220;1_3,1_3,1_3&#8243; use_custom_gutter=&#8220;on&#8220; gutter_width=&#8220;2&#8243; _builder_version=&#8220;4.16&#8243; global_colors_info=&#8220;{}&#8220;][et_pb_column type=&#8220;1_3&#8243; _builder_version=&#8220;4.16&#8243; background_color=&#8220;#ffffff&#8220; custom_padding=&#8220;||25px|&#8220; global_colors_info=&#8220;{}&#8220; custom_padding__hover=&#8220;|||&#8220;][et_pb_image src=&#8220;https:\/\/www.kinderarztpraxis-lechhausen.de\/wp-content\/uploads\/2024\/01\/R5_3201.jpg&#8220; alt=&#8220;Dr. Tanja Hemmers&#8220; title_text=&#8220;_R5_3201&#8243; align_tablet=&#8220;center&#8220; align_phone=&#8220;&#8220; align_last_edited=&#8220;on|desktop&#8220; _builder_version=&#8220;4.23.4&#8243; hover_enabled=&#8220;0&#8243; global_colors_info=&#8220;{}&#8220; sticky_enabled=&#8220;0&#8243;][\/et_pb_image][et_pb_text _builder_version=&#8220;4.23.4&#8243; text_font=&#8220;|700|||||||&#8220; text_font_size=&#8220;24px&#8220; custom_margin=&#8220;||10px&#8220; custom_padding=&#8220;|25px||25px||true&#8220; global_colors_info=&#8220;{}&#8220;]Dr. med. Tanja Hemmers[\/et_pb_text][et_pb_accordion _builder_version=&#8220;4.23.4&#8243; _module_preset=&#8220;default&#8220; hover_enabled=&#8220;0&#8243; global_colors_info=&#8220;{}&#8220; sticky_enabled=&#8220;0&#8243;][et_pb_accordion_item title=&#8220;Vita&#8220; _builder_version=&#8220;4.23.4&#8243; _module_preset=&#8220;default&#8220; global_colors_info=&#8220;{}&#8220; open=&#8220;on&#8220;]<p><strong>1996-2002<br \/><\/strong>Studium der Humanmedizin in Bochum<\/p>\n<p><strong>2003 &#8211; 2008<\/strong><br \/>Facharztausbildung an der Kinderuniversit\u00e4tsklinik Bochum, St. Josef-Hospital, am Deutschen Herzzentrum M\u00fcnchen, Kinderkardiologie sowie an den Kliniken St. Elisabeth, Neuburg\/Donau<\/p>\n<p><strong>2008\/2009<\/strong><br \/>Facharztpr\u00fcfung, Elternzeit<\/p>\n<p><strong>2009 &#8211; 2012<\/strong><br \/>Fach\u00e4rztin f\u00fcr Kinder &#8211; und Jugendmedizin Kliniken St. Elisabeth, Neuburg\/Donau<\/p>\n<p><strong>Seit 2012<\/strong> <br \/>Teilhaberin der Gemeinschaftspraxis<\/p>\n<p><strong>2019<br \/><\/strong>Berechtigung zur \u201equalifizierten Durchf\u00fchrung von Kinder- und Jugendgyn\u00e4kologischen Sprechstunden\u201c<\/p>[\/et_pb_accordion_item][\/et_pb_accordion][\/et_pb_column][et_pb_column type=&#8220;1_3&#8243; _builder_version=&#8220;4.16&#8243; background_color=&#8220;#ffffff&#8220; custom_padding=&#8220;||25px|&#8220; global_colors_info=&#8220;{}&#8220; custom_padding__hover=&#8220;|||&#8220;][et_pb_image src=&#8220;https:\/\/www.kinderarztpraxis-lechhausen.de\/wp-content\/uploads\/2024\/01\/R5_3277.jpg&#8220; alt=&#8220;Dr. Stephan Henneberger&#8220; title_text=&#8220;_R5_3277&#8243; align_tablet=&#8220;center&#8220; align_phone=&#8220;&#8220; align_last_edited=&#8220;on|desktop&#8220; _builder_version=&#8220;4.23.4&#8243; global_colors_info=&#8220;{}&#8220;][\/et_pb_image][et_pb_text _builder_version=&#8220;4.23.4&#8243; text_font=&#8220;|700|||||||&#8220; text_font_size=&#8220;24px&#8220; custom_margin=&#8220;||10px&#8220; custom_padding=&#8220;|25px||25px||true&#8220; global_colors_info=&#8220;{}&#8220;]Dr. med. Stephan Henneberger[\/et_pb_text][et_pb_accordion _builder_version=&#8220;4.23.4&#8243; _module_preset=&#8220;default&#8220; hover_enabled=&#8220;0&#8243; global_colors_info=&#8220;{}&#8220; sticky_enabled=&#8220;0&#8243;][et_pb_accordion_item title=&#8220;Vita&#8220; _builder_version=&#8220;4.23.4&#8243; _module_preset=&#8220;default&#8220; global_colors_info=&#8220;{}&#8220; open=&#8220;on&#8220;]<p><strong>1993 &#8211; 2000<\/strong><br \/>Studium der Humanmedizin in W\u00fcrzburg<\/p>\n<p><strong>2000- 2007<\/strong><br \/>Facharztausbildung LMU M\u00fcnchen im Dr. v. Haunerschen Kinderspital und in der Neonatologie der Frauenklinik Maistrasse<\/p>\n<p><strong>2007<\/strong><br \/>Facharzt und Zusatzbezeichnung Neonatologie<\/p>\n<p><strong>2007 &#8211; 2010<\/strong><br \/>Facharzt und Funktionsoberarzt Neonatologie Frauenklinik Maistrasse<\/p>\n<p><strong>Seit 2011<\/strong><br \/>Teilhaber der Gemeinschaftspraxis<\/p>[\/et_pb_accordion_item][\/et_pb_accordion][\/et_pb_column][et_pb_column type=&#8220;1_3&#8243; _builder_version=&#8220;4.16&#8243; background_color=&#8220;#ffffff&#8220; custom_padding=&#8220;||25px|&#8220; global_colors_info=&#8220;{}&#8220; custom_padding__hover=&#8220;|||&#8220;][\/et_pb_column][\/et_pb_row][\/et_pb_section][et_pb_section fb_built=&#8220;1&#8243; _builder_version=&#8220;4.16&#8243; background_color=&#8220;#d38c3f&#8220; use_background_color_gradient=&#8220;on&#8220; background_color_gradient_stops=&#8220;rgba(211,140,63,0.97) 0%|rgba(211,140,63,0.97) 100%&#8220; background_color_gradient_overlays_image=&#8220;on&#8220; background_color_gradient_start=&#8220;rgba(211,140,63,0.97)&#8220; background_color_gradient_end=&#8220;rgba(211,140,63,0.97)&#8220; background_image=&#8220;https:\/\/www.kinderarztpraxis-lechhausen.de\/wp-content\/uploads\/2024\/01\/1920&#215;1080.jpg&#8220; saved_tabs=&#8220;all&#8220; global_colors_info=&#8220;{}&#8220;][et_pb_row column_structure=&#8220;2_3,1_3&#8243; _builder_version=&#8220;4.16&#8243; global_colors_info=&#8220;{}&#8220;][et_pb_column type=&#8220;2_3&#8243; _builder_version=&#8220;4.16&#8243; custom_padding=&#8220;|||&#8220; global_colors_info=&#8220;{}&#8220; custom_padding__hover=&#8220;|||&#8220;][et_pb_text _builder_version=&#8220;4.16&#8243; text_font=&#8220;|700||on|||||&#8220; text_text_color=&#8220;#FFFFFF&#8220; text_font_size=&#8220;18px&#8220; custom_margin=&#8220;||10px&#8220; animation_style=&#8220;slide&#8220; animation_direction=&#8220;right&#8220; animation_duration=&#8220;2000ms&#8220; animation_intensity_slide=&#8220;25%&#8220; text_text_shadow_style=&#8220;preset3&#8243; text_text_shadow_horizontal_length=&#8220;0.03em&#8220; text_text_shadow_vertical_length=&#8220;0.03em&#8220; text_text_shadow_blur_strength=&#8220;0.05em&#8220; global_colors_info=&#8220;{}&#8220;]<p>Explore the posibilitys<\/p>[\/et_pb_text][et_pb_text _builder_version=&#8220;4.16&#8243; header_font=&#8220;||||||||&#8220; header_2_font=&#8220;|800|||||||&#8220; header_2_text_color=&#8220;#FFFFFF&#8220; header_2_font_size=&#8220;46px&#8220; animation_style=&#8220;slide&#8220; animation_direction=&#8220;left&#8220; animation_duration=&#8220;2000ms&#8220; animation_intensity_slide=&#8220;8%&#8220; header_2_text_shadow_style=&#8220;preset3&#8243; header_2_text_shadow_horizontal_length=&#8220;0.03em&#8220; header_2_text_shadow_vertical_length=&#8220;0.03em&#8220; header_2_text_shadow_blur_strength=&#8220;0.05em&#8220; global_colors_info=&#8220;{}&#8220;]<h2>Start today with your project<\/h2>[\/et_pb_text][\/et_pb_column][et_pb_column type=&#8220;1_3&#8243; _builder_version=&#8220;4.16&#8243; custom_padding=&#8220;|||&#8220; global_colors_info=&#8220;{}&#8220; custom_padding__hover=&#8220;|||&#8220;][et_pb_button button_url=&#8220;#&#8220; button_text=&#8220;Start today&#8220; button_alignment=&#8220;center&#8220; _builder_version=&#8220;4.16&#8243; custom_button=&#8220;on&#8220; button_text_size=&#8220;16px&#8220; button_text_color=&#8220;#d38c3f&#8220; button_bg_color=&#8220;#ffffff&#8220; button_border_width=&#8220;0px&#8220; button_border_radius=&#8220;0px&#8220; button_font=&#8220;|||on|||||&#8220; button_use_icon=&#8220;off&#8220; custom_margin=&#8220;25px||&#8220; custom_padding=&#8220;12px|30px|9px|30px|false|true&#8220; box_shadow_style=&#8220;preset1&#8243; box_shadow_blur=&#8220;25px&#8220; box_shadow_color=&#8220;rgba(0,0,0,0.2)&#8220; global_colors_info=&#8220;{}&#8220;][\/et_pb_button][\/et_pb_column][\/et_pb_row][\/et_pb_section][et_pb_section fb_built=&#8220;1&#8243; _builder_version=&#8220;4.16&#8243; use_background_color_gradient=&#8220;on&#8220; background_color_gradient_stops=&#8220;rgba(255,255,255,0.9) 0%|rgba(255,255,255,0.9) 100%&#8220; background_color_gradient_overlays_image=&#8220;on&#8220; background_color_gradient_start=&#8220;rgba(255,255,255,0.9)&#8220; background_color_gradient_end=&#8220;rgba(255,255,255,0.9)&#8220; background_image=&#8220;https:\/\/www.kinderarztpraxis-lechhausen.de\/wp-content\/uploads\/2024\/01\/1920&#215;1080.jpg&#8220; global_colors_info=&#8220;{}&#8220;][et_pb_row column_structure=&#8220;1_2,1_2&#8243; _builder_version=&#8220;4.16&#8243; global_colors_info=&#8220;{}&#8220;][et_pb_column type=&#8220;1_2&#8243; _builder_version=&#8220;4.16&#8243; custom_padding=&#8220;|||&#8220; global_colors_info=&#8220;{}&#8220; custom_padding__hover=&#8220;|||&#8220;][et_pb_text _builder_version=&#8220;4.16&#8243; header_font=&#8220;||||||||&#8220; header_2_font=&#8220;||||||||&#8220; header_3_font=&#8220;|700|||||||&#8220; header_3_font_size=&#8220;28px&#8220; animation_direction=&#8220;left&#8220; global_colors_info=&#8220;{}&#8220;]<h3>Let&#8217;s work together<\/h3>[\/et_pb_text][et_pb_text _builder_version=&#8220;4.16&#8243; animation_direction=&#8220;left&#8220; global_colors_info=&#8220;{}&#8220;]<p>Lorem ipsum dolor sit amet, consectetur adipiscing elit. Nulla pulvinar varius fringilla. Morbi tristique leo ac eros tincidunt varius.<\/p>[\/et_pb_text][et_pb_blurb title=&#8220;Address&#8220; use_icon=&#8220;on&#8220; font_icon=&#8220;&#xe074;||divi||400&#8243; icon_placement=&#8220;left&#8220; image_icon_width=&#8220;24px&#8220; _builder_version=&#8220;4.16&#8243; header_font=&#8220;||||||||&#8220; header_font_size=&#8220;20px&#8220; header_line_height=&#8220;1.3em&#8220; max_width=&#8220;80%&#8220; animation_direction=&#8220;left&#8220; animation=&#8220;off&#8220; icon_font_size=&#8220;24px&#8220; global_colors_info=&#8220;{}&#8220;]<p>4953 Vine Street<br \/> San Diego, CA 92465<\/p>[\/et_pb_blurb][et_pb_blurb title=&#8220;Email&#8220; use_icon=&#8220;on&#8220; font_icon=&#8220;&#xe076;||divi||400&#8243; icon_placement=&#8220;left&#8220; image_icon_width=&#8220;24px&#8220; _builder_version=&#8220;4.16&#8243; header_font=&#8220;||||||||&#8220; header_font_size=&#8220;20px&#8220; header_line_height=&#8220;1.3em&#8220; max_width=&#8220;80%&#8220; animation_direction=&#8220;left&#8220; animation=&#8220;off&#8220; icon_font_size=&#8220;24px&#8220; global_colors_info=&#8220;{}&#8220;]<p>info@mycompany.com<\/p>[\/et_pb_blurb][et_pb_blurb title=&#8220;Phone&#8220; use_icon=&#8220;on&#8220; font_icon=&#8220;&#xe090;||divi||400&#8243; icon_placement=&#8220;left&#8220; image_icon_width=&#8220;24px&#8220; _builder_version=&#8220;4.16&#8243; header_font=&#8220;||||||||&#8220; header_font_size=&#8220;20px&#8220; header_line_height=&#8220;1.3em&#8220; max_width=&#8220;80%&#8220; animation_direction=&#8220;left&#8220; animation=&#8220;off&#8220; icon_font_size=&#8220;24px&#8220; global_colors_info=&#8220;{}&#8220;]<p>815-555-5555<\/p>[\/et_pb_blurb][\/et_pb_column][et_pb_column type=&#8220;1_2&#8243; _builder_version=&#8220;4.16&#8243; custom_padding=&#8220;|||&#8220; global_colors_info=&#8220;{}&#8220; custom_padding__hover=&#8220;|||&#8220;][et_pb_text _builder_version=&#8220;4.16&#8243; header_font=&#8220;||||||||&#8220; header_3_font=&#8220;|700|||||||&#8220; header_3_font_size=&#8220;28px&#8220; animation_direction=&#8220;right&#8220; global_colors_info=&#8220;{}&#8220;]<h3>Get in touch<\/h3>[\/et_pb_text][et_pb_contact_form module_id=&#8220;et_pb_contact_form_0&#8243; _builder_version=&#8220;4.16&#8243; form_field_background_color=&#8220;#f5f5f5&#8243; form_field_font=&#8220;||||||||&#8220; custom_button=&#8220;on&#8220; button_text_color=&#8220;#000000&#8243; button_font=&#8220;||||||||&#8220; animation_direction=&#8220;right&#8220; border_radii=&#8220;on|3px|3px|3px|3px&#8220; border_width_all=&#8220;1px&#8220; border_color_all=&#8220;#000000&#8243; form_background_color=&#8220;#f5f5f5&#8243; global_colors_info=&#8220;{}&#8220;][et_pb_contact_field field_id=&#8220;Name&#8220; field_title=&#8220;Name&#8220; fullwidth_field=&#8220;on&#8220; _builder_version=&#8220;4.16&#8243; global_colors_info=&#8220;{}&#8220; button_text_size__hover_enabled=&#8220;off&#8220; button_one_text_size__hover_enabled=&#8220;off&#8220; button_two_text_size__hover_enabled=&#8220;off&#8220; button_text_color__hover_enabled=&#8220;off&#8220; button_one_text_color__hover_enabled=&#8220;off&#8220; button_two_text_color__hover_enabled=&#8220;off&#8220; button_border_width__hover_enabled=&#8220;off&#8220; button_one_border_width__hover_enabled=&#8220;off&#8220; button_two_border_width__hover_enabled=&#8220;off&#8220; button_border_color__hover_enabled=&#8220;off&#8220; button_one_border_color__hover_enabled=&#8220;off&#8220; button_two_border_color__hover_enabled=&#8220;off&#8220; button_border_radius__hover_enabled=&#8220;off&#8220; button_one_border_radius__hover_enabled=&#8220;off&#8220; button_two_border_radius__hover_enabled=&#8220;off&#8220; button_letter_spacing__hover_enabled=&#8220;off&#8220; button_one_letter_spacing__hover_enabled=&#8220;off&#8220; button_two_letter_spacing__hover_enabled=&#8220;off&#8220; button_bg_color__hover_enabled=&#8220;off&#8220; button_one_bg_color__hover_enabled=&#8220;off&#8220; button_two_bg_color__hover_enabled=&#8220;off&#8220;][\/et_pb_contact_field][et_pb_contact_field field_id=&#8220;Email&#8220; field_title=&#8220;Email Address&#8220; field_type=&#8220;email&#8220; fullwidth_field=&#8220;on&#8220; _builder_version=&#8220;4.16&#8243; global_colors_info=&#8220;{}&#8220; button_text_size__hover_enabled=&#8220;off&#8220; button_one_text_size__hover_enabled=&#8220;off&#8220; button_two_text_size__hover_enabled=&#8220;off&#8220; button_text_color__hover_enabled=&#8220;off&#8220; button_one_text_color__hover_enabled=&#8220;off&#8220; button_two_text_color__hover_enabled=&#8220;off&#8220; button_border_width__hover_enabled=&#8220;off&#8220; button_one_border_width__hover_enabled=&#8220;off&#8220; button_two_border_width__hover_enabled=&#8220;off&#8220; button_border_color__hover_enabled=&#8220;off&#8220; button_one_border_color__hover_enabled=&#8220;off&#8220; button_two_border_color__hover_enabled=&#8220;off&#8220; button_border_radius__hover_enabled=&#8220;off&#8220; button_one_border_radius__hover_enabled=&#8220;off&#8220; button_two_border_radius__hover_enabled=&#8220;off&#8220; button_letter_spacing__hover_enabled=&#8220;off&#8220; button_one_letter_spacing__hover_enabled=&#8220;off&#8220; button_two_letter_spacing__hover_enabled=&#8220;off&#8220; button_bg_color__hover_enabled=&#8220;off&#8220; button_one_bg_color__hover_enabled=&#8220;off&#8220; button_two_bg_color__hover_enabled=&#8220;off&#8220;][\/et_pb_contact_field][et_pb_contact_field field_id=&#8220;Phone&#8220; field_title=&#8220;Phone&#8220; field_type=&#8220;email&#8220; fullwidth_field=&#8220;on&#8220; _builder_version=&#8220;4.16&#8243; global_colors_info=&#8220;{}&#8220; button_text_size__hover_enabled=&#8220;off&#8220; button_one_text_size__hover_enabled=&#8220;off&#8220; button_two_text_size__hover_enabled=&#8220;off&#8220; button_text_color__hover_enabled=&#8220;off&#8220; button_one_text_color__hover_enabled=&#8220;off&#8220; button_two_text_color__hover_enabled=&#8220;off&#8220; button_border_width__hover_enabled=&#8220;off&#8220; button_one_border_width__hover_enabled=&#8220;off&#8220; button_two_border_width__hover_enabled=&#8220;off&#8220; button_border_color__hover_enabled=&#8220;off&#8220; button_one_border_color__hover_enabled=&#8220;off&#8220; button_two_border_color__hover_enabled=&#8220;off&#8220; button_border_radius__hover_enabled=&#8220;off&#8220; button_one_border_radius__hover_enabled=&#8220;off&#8220; button_two_border_radius__hover_enabled=&#8220;off&#8220; button_letter_spacing__hover_enabled=&#8220;off&#8220; button_one_letter_spacing__hover_enabled=&#8220;off&#8220; button_two_letter_spacing__hover_enabled=&#8220;off&#8220; button_bg_color__hover_enabled=&#8220;off&#8220; button_one_bg_color__hover_enabled=&#8220;off&#8220; button_two_bg_color__hover_enabled=&#8220;off&#8220;][\/et_pb_contact_field][et_pb_contact_field field_id=&#8220;Message&#8220; field_title=&#8220;Message&#8220; field_type=&#8220;text&#8220; fullwidth_field=&#8220;on&#8220; _builder_version=&#8220;4.16&#8243; global_colors_info=&#8220;{}&#8220; button_text_size__hover_enabled=&#8220;off&#8220; button_one_text_size__hover_enabled=&#8220;off&#8220; button_two_text_size__hover_enabled=&#8220;off&#8220; button_text_color__hover_enabled=&#8220;off&#8220; button_one_text_color__hover_enabled=&#8220;off&#8220; button_two_text_color__hover_enabled=&#8220;off&#8220; button_border_width__hover_enabled=&#8220;off&#8220; button_one_border_width__hover_enabled=&#8220;off&#8220; button_two_border_width__hover_enabled=&#8220;off&#8220; button_border_color__hover_enabled=&#8220;off&#8220; button_one_border_color__hover_enabled=&#8220;off&#8220; button_two_border_color__hover_enabled=&#8220;off&#8220; button_border_radius__hover_enabled=&#8220;off&#8220; button_one_border_radius__hover_enabled=&#8220;off&#8220; button_two_border_radius__hover_enabled=&#8220;off&#8220; button_letter_spacing__hover_enabled=&#8220;off&#8220; button_one_letter_spacing__hover_enabled=&#8220;off&#8220; button_two_letter_spacing__hover_enabled=&#8220;off&#8220; button_bg_color__hover_enabled=&#8220;off&#8220; button_one_bg_color__hover_enabled=&#8220;off&#8220; button_two_bg_color__hover_enabled=&#8220;off&#8220;][\/et_pb_contact_field][\/et_pb_contact_form][\/et_pb_column][\/et_pb_row][\/et_pb_section][et_pb_section fb_built=&#8220;1&#8243; _builder_version=&#8220;4.16&#8243; background_color=&#8220;#d38c3f&#8220; custom_padding=&#8220;0px|0px|0px|0px&#8220; saved_tabs=&#8220;all&#8220; global_colors_info=&#8220;{}&#8220;][et_pb_row column_structure=&#8220;1_3,2_3&#8243; _builder_version=&#8220;4.16&#8243; custom_margin=&#8220;||||false|false&#8220; custom_padding=&#8220;15px|0px|0px|0px|false|false&#8220; global_colors_info=&#8220;{}&#8220;][et_pb_column type=&#8220;1_3&#8243; module_class=&#8220;new_optin_column_1&#8243; _builder_version=&#8220;4.16&#8243; custom_padding=&#8220;|||&#8220; global_colors_info=&#8220;{}&#8220; custom_padding__hover=&#8220;|||&#8220;][et_pb_text module_class=&#8220;custom_emailoptin custom_emailoptin_purple&#8220; _builder_version=&#8220;4.16&#8243; text_font=&#8220;||||||||&#8220; text_font_size=&#8220;24px&#8220; header_font=&#8220;||||||||&#8220; header_3_font=&#8220;|700|||||||&#8220; text_orientation=&#8220;center&#8220; background_layout=&#8220;dark&#8220; custom_margin=&#8220;10px|||&#8220; global_colors_info=&#8220;{}&#8220;]<h3>Subscribe to our newsletter<\/h3>[\/et_pb_text][\/et_pb_column][et_pb_column type=&#8220;2_3&#8243; _builder_version=&#8220;4.16&#8243; custom_padding=&#8220;|||&#8220; global_colors_info=&#8220;{}&#8220; custom_padding__hover=&#8220;|||&#8220;][et_pb_signup mailchimp_list=&#8220;Twopixels|648637d18d&#8220; layout=&#8220;bottom_top&#8220; name_field=&#8220;on&#8220; name_fullwidth=&#8220;off&#8220; first_name_fullwidth=&#8220;off&#8220; last_name_fullwidth=&#8220;off&#8220; email_fullwidth=&#8220;off&#8220; module_class=&#8220;custom_emailoptin&#8220; _builder_version=&#8220;4.16&#8243; header_font=&#8220;|800|||||||&#8220; use_background_color=&#8220;off&#8220; custom_button=&#8220;on&#8220; button_text_size=&#8220;16px&#8220; button_text_color=&#8220;#FFFFFF&#8220; button_bg_color=&#8220;#061f5c&#8220; button_border_width=&#8220;0px&#8220; button_border_radius=&#8220;0px&#8220; button_font=&#8220;|||on|||||&#8220; button_use_icon=&#8220;off&#8220; custom_padding=&#8220;0px|0px|0px|0px&#8220; global_colors_info=&#8220;{}&#8220; button_text_size__hover_enabled=&#8220;off&#8220; button_one_text_size__hover_enabled=&#8220;off&#8220; button_two_text_size__hover_enabled=&#8220;off&#8220; button_text_color__hover_enabled=&#8220;off&#8220; button_one_text_color__hover_enabled=&#8220;off&#8220; button_two_text_color__hover_enabled=&#8220;off&#8220; button_border_width__hover_enabled=&#8220;off&#8220; button_one_border_width__hover_enabled=&#8220;off&#8220; button_two_border_width__hover_enabled=&#8220;off&#8220; button_border_color__hover_enabled=&#8220;off&#8220; button_one_border_color__hover_enabled=&#8220;off&#8220; button_two_border_color__hover_enabled=&#8220;off&#8220; button_border_radius__hover_enabled=&#8220;off&#8220; button_one_border_radius__hover_enabled=&#8220;off&#8220; button_two_border_radius__hover_enabled=&#8220;off&#8220; button_letter_spacing__hover_enabled=&#8220;off&#8220; button_one_letter_spacing__hover_enabled=&#8220;off&#8220; button_two_letter_spacing__hover_enabled=&#8220;off&#8220; button_bg_color__hover_enabled=&#8220;off&#8220; button_one_bg_color__hover_enabled=&#8220;off&#8220; button_two_bg_color__hover_enabled=&#8220;off&#8220;][\/et_pb_signup][\/et_pb_column][\/et_pb_row][\/et_pb_section]\n","protected":false},"excerpt":{"rendered":"<p>Unser Praxis TeamWer wir sind!Lorem ipsum dolor sit amet, consectetur adipiscing elit. Sed accumsan sem lectus, ut aliquet risus dictum eget. Curabitur laoreet, risus id faucibus porttitor.Dr. med. Tanja Hemmers1996-2002Studium der Humanmedizin in Bochum 2003 &#8211; 2008Facharztausbildung an der Kinderuniversit\u00e4tsklinik Bochum, St. Josef-Hospital, am Deutschen Herzzentrum M\u00fcnchen, Kinderkardiologie sowie an den Kliniken St. Elisabeth, Neuburg\/Donau 2008\/2009Facharztpr\u00fcfung, Elternzeit 2009 &#8211; 2012Fach\u00e4rztin f\u00fcr Kinder &#8211; und Jugendmedizin Kliniken St. Elisabeth, Neuburg\/Donau Seit 2012 Teilhaberin der Gemeinschaftspraxis 2019Berechtigung zur \u201equalifizierten Durchf\u00fchrung von Kinder- und Jugendgyn\u00e4kologischen Sprechstunden\u201cDr. med. Stephan Henneberger1993 &#8211; 2000Studium der Humanmedizin in W\u00fcrzburg 2000- 2007Facharztausbildung LMU M\u00fcnchen im Dr. v. Haunerschen Kinderspital und in der Neonatologie der Frauenklinik Maistrasse 2007Facharzt und Zusatzbezeichnung Neonatologie 2007 &#8211; 2010Facharzt und Funktionsoberarzt Neonatologie Frauenklinik Maistrasse Seit 2011Teilhaber der GemeinschaftspraxisExplore the posibilitysStart today with your projectLet&#8217;s work togetherLorem ipsum dolor sit amet, consectetur adipiscing elit. Nulla pulvinar varius fringilla. Morbi tristique leo ac eros tincidunt varius.4953 Vine Street San Diego, CA 92465info@mycompany.com815-555-5555Get in touchSubscribe to our newsletter<\/p>\n","protected":false},"author":1,"featured_media":0,"parent":0,"menu_order":5,"comment_status":"closed","ping_status":"closed","template":"","meta":{"_et_pb_use_builder":"on","_et_pb_old_content":"","_et_gb_content_width":"","footnotes":""},"class_list":["post-9308","page","type-page","status-publish","hentry"],"_links":{"self":[{"href":"https:\/\/www.kinderarztpraxis-lechhausen.de\/index.php?rest_route=\/wp\/v2\/pages\/9308","targetHints":{"allow":["GET"]}}],"collection":[{"href":"https:\/\/www.kinderarztpraxis-lechhausen.de\/index.php?rest_route=\/wp\/v2\/pages"}],"about":[{"href":"https:\/\/www.kinderarztpraxis-lechhausen.de\/index.php?rest_route=\/wp\/v2\/types\/page"}],"author":[{"embeddable":true,"href":"https:\/\/www.kinderarztpraxis-lechhausen.de\/index.php?rest_route=\/wp\/v2\/users\/1"}],"replies":[{"embeddable":true,"href":"https:\/\/www.kinderarztpraxis-lechhausen.de\/index.php?rest_route=%2Fwp%2Fv2%2Fcomments&post=9308"}],"version-history":[{"count":12,"href":"https:\/\/www.kinderarztpraxis-lechhausen.de\/index.php?rest_route=\/wp\/v2\/pages\/9308\/revisions"}],"predecessor-version":[{"id":9654,"href":"https:\/\/www.kinderarztpraxis-lechhausen.de\/index.php?rest_route=\/wp\/v2\/pages\/9308\/revisions\/9654"}],"wp:attachment":[{"href":"https:\/\/www.kinderarztpraxis-lechhausen.de\/index.php?rest_route=%2Fwp%2Fv2%2Fmedia&parent=9308"}],"curies":[{"name":"wp","href":"https:\/\/api.w.org\/{rel}","templated":true}]}}